{"id":285,"date":"2024-09-24T14:40:55","date_gmt":"2024-09-24T14:40:55","guid":{"rendered":"https:\/\/feriusa.um.si\/?page_id=285"},"modified":"2024-09-25T08:37:46","modified_gmt":"2024-09-25T08:37:46","slug":"prejsnje-generacije","status":"publish","type":"page","link":"https:\/\/feriusa.rwx.si\/?page_id=285","title":{"rendered":"Predhodne ekskurzije"},"content":{"rendered":"\n<div class=\"wp-block-columns is-layout-flex wp-container-core-columns-is-layout-1 wp-block-columns-is-layout-flex\">\n<div class=\"wp-block-column is-layout-flow wp-block-column-is-layout-flow\" style=\"flex-basis:5%\"><\/div>\n\n\n\n<div class=\"wp-block-column has-background is-layout-flow wp-block-column-is-layout-flow\" style=\"background:linear-gradient(311deg,rgb(238,238,238) 0%,rgb(169,184,195) 100%);flex-basis:60%\">\n<div class=\"wp-block-media-text is-stacked-on-mobile\"><figure class=\"wp-block-media-text__media\"><img loading=\"lazy\" decoding=\"async\" width=\"1024\" height=\"768\" src=\"http:\/\/feriusa.um.si\/wp-content\/uploads\/2024\/09\/USA-2007-1024x768.jpg\" alt=\"\" class=\"wp-image-369 size-full\" srcset=\"https:\/\/feriusa.rwx.si\/wp-content\/uploads\/2024\/09\/USA-2007-1024x768.jpg 1024w, https:\/\/feriusa.rwx.si\/wp-content\/uploads\/2024\/09\/USA-2007-300x225.jpg 300w, https:\/\/feriusa.rwx.si\/wp-content\/uploads\/2024\/09\/USA-2007-768x576.jpg 768w, https:\/\/feriusa.rwx.si\/wp-content\/uploads\/2024\/09\/USA-2007-1536x1152.jpg 1536w, https:\/\/feriusa.rwx.si\/wp-content\/uploads\/2024\/09\/USA-2007-2048x1536.jpg 2048w, https:\/\/feriusa.rwx.si\/wp-content\/uploads\/2024\/09\/USA-2007-400x300.jpg 400w\" sizes=\"(max-width: 1024px) 100vw, 1024px\" \/><\/figure><div class=\"wp-block-media-text__content\">\n<p class=\"no-undeline\" style=\"font-size:2.5rem\"><a href=\"https:\/\/cs.feri.um.si\/za-studente\/studentske-ekskurzije\/zda2007\/\" data-type=\"link\" data-id=\"https:\/\/cs.feri.um.si\/za-studente\/studentske-ekskurzije\/zda2007\/\">Ekskurzija leta 2007 na vzhodno obalo<\/a><\/p>\n\n\n\n<div style=\"height:30px\" aria-hidden=\"true\" class=\"wp-block-spacer\"><\/div>\n\n\n\n<p>Leta 2007 so \u0161tudenti FERI odpotovali na vzhodno obalo ZDA. Med drugim so obiskali presti\u017ene univerze, kot so Yale, Harvard, MIT, Princeton ter raziskovalni center IBM. <a href=\"https:\/\/cs.feri.um.si\/za-studente\/studentske-ekskurzije\/zda2007\/\">Preberi ve\u010d<\/a><\/p>\n<\/div><\/div>\n<\/div>\n\n\n\n<div class=\"wp-block-column is-layout-flow wp-block-column-is-layout-flow\" style=\"flex-basis:35%\"><\/div>\n<\/div>\n\n\n\n<div class=\"wp-block-columns is-layout-flex wp-container-core-columns-is-layout-2 wp-block-columns-is-layout-flex\">\n<div class=\"wp-block-column is-layout-flow wp-block-column-is-layout-flow\" style=\"flex-basis:35%\"><\/div>\n\n\n\n<div class=\"wp-block-column has-very-light-gray-to-cyan-bluish-gray-gradient-background has-background is-layout-flow wp-block-column-is-layout-flow\" style=\"flex-basis:60%\">\n<div class=\"wp-block-media-text has-media-on-the-right is-stacked-on-mobile\"><div class=\"wp-block-media-text__content\">\n<p class=\"no-undeline\" style=\"font-size:2.5rem\"><a href=\"https:\/\/cs.feri.um.si\/za-studente\/studentske-ekskurzije\/zda2011\/\" data-type=\"link\" data-id=\"https:\/\/cs.feri.um.si\/za-studente\/studentske-ekskurzije\/zda2011\/\">Ekskurzija leta 2011 na zahodno obalo<\/a><\/p>\n\n\n\n<p>Leta 2011 so \u0161tudenti FERI odpotovali na zahodno obalo. Potovali so po Kaliforniji, kjer so si ogledali nekatera velika tehnolo\u0161ka podjetja, kot so NVIDIA, Google, Apple, IBM ter univerze, kot sta Stanford in San Francisco. <a href=\"https:\/\/cs.feri.um.si\/za-studente\/studentske-ekskurzije\/zda2011\/\">Preberi ve\u010d<\/a><\/p>\n<\/div><figure class=\"wp-block-media-text__media\"><img loading=\"lazy\" decoding=\"async\" width=\"1024\" height=\"685\" src=\"http:\/\/feriusa.um.si\/wp-content\/uploads\/2024\/09\/USA-2011-1024x685.jpg\" alt=\"\" class=\"wp-image-371 size-full\" srcset=\"https:\/\/feriusa.rwx.si\/wp-content\/uploads\/2024\/09\/USA-2011-1024x685.jpg 1024w, https:\/\/feriusa.rwx.si\/wp-content\/uploads\/2024\/09\/USA-2011-300x201.jpg 300w, https:\/\/feriusa.rwx.si\/wp-content\/uploads\/2024\/09\/USA-2011-768x514.jpg 768w, https:\/\/feriusa.rwx.si\/wp-content\/uploads\/2024\/09\/USA-2011-448x300.jpg 448w, https:\/\/feriusa.rwx.si\/wp-content\/uploads\/2024\/09\/USA-2011.jpg 1355w\" sizes=\"(max-width: 1024px) 100vw, 1024px\" \/><\/figure><\/div>\n<\/div>\n\n\n\n<div class=\"wp-block-column is-layout-flow wp-block-column-is-layout-flow\" style=\"flex-basis:5%\"><\/div>\n<\/div>\n\n\n\n<div class=\"wp-block-columns is-layout-flex wp-container-core-columns-is-layout-3 wp-block-columns-is-layout-flex\">\n<div class=\"wp-block-column is-layout-flow wp-block-column-is-layout-flow\" style=\"flex-basis:5%\"><\/div>\n\n\n\n<div class=\"wp-block-column has-background is-layout-flow wp-block-column-is-layout-flow\" style=\"background:linear-gradient(309deg,rgb(238,238,238) 0%,rgb(169,184,195) 100%);flex-basis:60%\">\n<div class=\"wp-block-media-text is-stacked-on-mobile\"><figure class=\"wp-block-media-text__media\"><img loading=\"lazy\" decoding=\"async\" width=\"1024\" height=\"683\" src=\"http:\/\/feriusa.um.si\/wp-content\/uploads\/2024\/09\/USA-2020-1024x683.jpg\" alt=\"\" class=\"wp-image-370 size-full\" srcset=\"https:\/\/feriusa.rwx.si\/wp-content\/uploads\/2024\/09\/USA-2020-1024x683.jpg 1024w, https:\/\/feriusa.rwx.si\/wp-content\/uploads\/2024\/09\/USA-2020-300x200.jpg 300w, https:\/\/feriusa.rwx.si\/wp-content\/uploads\/2024\/09\/USA-2020-768x512.jpg 768w, https:\/\/feriusa.rwx.si\/wp-content\/uploads\/2024\/09\/USA-2020-1536x1024.jpg 1536w, https:\/\/feriusa.rwx.si\/wp-content\/uploads\/2024\/09\/USA-2020-960x640.jpg 960w, https:\/\/feriusa.rwx.si\/wp-content\/uploads\/2024\/09\/USA-2020-450x300.jpg 450w, https:\/\/feriusa.rwx.si\/wp-content\/uploads\/2024\/09\/USA-2020.jpg 1620w\" sizes=\"(max-width: 1024px) 100vw, 1024px\" \/><\/figure><div class=\"wp-block-media-text__content\">\n<p style=\"font-size:2.5rem\">Ekskurzija leta 2020<\/p>\n\n\n\n<p>Leta 2020 so \u0161tudenti FERI potovali po celotni zahodni obali ZDA. Poleg Kalifornije so odpotovali tudi v Washington, ter si dodatno ogledali podjetje Miscrosoft. \u010ce si \u017eelite izvedeti ve\u010d, lahko preberete <a href=\"https:\/\/cs.feri.um.si\/za-studente\/studentske-ekskurzije\/strokovna-ekskurzija-v-zda-2020\/\" data-type=\"link\" data-id=\"https:\/\/cs.feri.um.si\/za-studente\/studentske-ekskurzije\/strokovna-ekskurzija-v-zda-2020\/\">novico na strani FERI<\/a> ali pa <a href=\"https:\/\/usatour.um.si\/\" data-type=\"link\" data-id=\"https:\/\/usatour.um.si\/\">obi\u0161\u010dete spletno stran \u0161tudentov<\/a>.<\/p>\n<\/div><\/div>\n<\/div>\n\n\n\n<div class=\"wp-block-column is-layout-flow wp-block-column-is-layout-flow\" style=\"flex-basis:35%\"><\/div>\n<\/div>\n\n\n\n<div class=\"wp-block-columns is-layout-flex wp-container-core-columns-is-layout-4 wp-block-columns-is-layout-flex\">\n<div class=\"wp-block-column is-layout-flow wp-block-column-is-layout-flow\" style=\"flex-basis:35%\"><\/div>\n\n\n\n<div class=\"wp-block-column is-layout-flow wp-block-column-is-layout-flow\" style=\"flex-basis:5%\"><\/div>\n<\/div>\n\n\n\n<div class=\"wp-block-columns is-layout-flex wp-container-core-columns-is-layout-5 wp-block-columns-is-layout-flex\">\n<div class=\"wp-block-column is-layout-flow wp-block-column-is-layout-flow\" style=\"flex-basis:5%\"><\/div>\n<\/div>\n","protected":false},"excerpt":{"rendered":"<p>Ekskurzija leta 2007 na vzhodno obalo Leta 2007 so \u0161tudenti FERI odpotovali na vzhodno obalo ZDA. Med drugim so obiskali presti\u017ene univerze, kot so Yale, Harvard, MIT, Princeton ter raziskovalni center IBM. Preberi ve\u010d Ekskurzija leta 2011 na zahodno obalo Leta 2011 so \u0161tudenti FERI odpotovali na zahodno obalo. Potovali so po Kaliforniji, kjer so&#8230; <\/p>\n<div class=\"link-more\"><a href=\"https:\/\/feriusa.rwx.si\/?page_id=285\">Read More<\/a><\/div>\n","protected":false},"author":7,"featured_media":0,"parent":0,"menu_order":0,"comment_status":"closed","ping_status":"closed","template":"","meta":{"footnotes":""},"class_list":["post-285","page","type-page","status-publish","hentry"],"_links":{"self":[{"href":"https:\/\/feriusa.rwx.si\/index.php?rest_route=\/wp\/v2\/pages\/285"}],"collection":[{"href":"https:\/\/feriusa.rwx.si\/index.php?rest_route=\/wp\/v2\/pages"}],"about":[{"href":"https:\/\/feriusa.rwx.si\/index.php?rest_route=\/wp\/v2\/types\/page"}],"author":[{"embeddable":true,"href":"https:\/\/feriusa.rwx.si\/index.php?rest_route=\/wp\/v2\/users\/7"}],"replies":[{"embeddable":true,"href":"https:\/\/feriusa.rwx.si\/index.php?rest_route=%2Fwp%2Fv2%2Fcomments&post=285"}],"version-history":[{"count":54,"href":"https:\/\/feriusa.rwx.si\/index.php?rest_route=\/wp\/v2\/pages\/285\/revisions"}],"predecessor-version":[{"id":373,"href":"https:\/\/feriusa.rwx.si\/index.php?rest_route=\/wp\/v2\/pages\/285\/revisions\/373"}],"wp:attachment":[{"href":"https:\/\/feriusa.rwx.si\/index.php?rest_route=%2Fwp%2Fv2%2Fmedia&parent=285"}],"curies":[{"name":"wp","href":"https:\/\/api.w.org\/{rel}","templated":true}]}}