{"id":575,"date":"2024-12-06T10:25:47","date_gmt":"2024-12-06T10:25:47","guid":{"rendered":"https:\/\/feriusa.um.si\/?page_id=575"},"modified":"2024-12-12T16:15:39","modified_gmt":"2024-12-12T16:15:39","slug":"zemljevid","status":"publish","type":"page","link":"https:\/\/feriusa.rwx.si\/?page_id=575","title":{"rendered":"Zemljevid"},"content":{"rendered":"\n<div class=\"wp-block-columns is-layout-flex wp-container-core-columns-is-layout-1 wp-block-columns-is-layout-flex\">\n<div class=\"wp-block-column is-layout-flow wp-block-column-is-layout-flow\">\n<p class=\"has-text-align-center\" style=\"font-size:15px\">Ekskurzija nas bo popeljala po zahodni obali Zdru\u017eenih dr\u017eav Amerike, kjer bomo zdru\u017eili tehnologijo, kulturo, naravo in zabavo. Pot bomo za\u010deli v Zagrebu, od koder bomo preko Amsterdama poleteli do San Francisca. Po pristanku bomo raziskovali mesto, vklju\u010dno z mostom Golden Gate, Lombard Street in vo\u017enjo z znamenitim tramvajem. V naslednjih dneh bomo obiskali tehnolo\u0161ke velikane, Salesforce in Cloudflare v San Franciscu, v bli\u017enji Silicijevi dolini pa Google in Apple.<\/p>\n\n\n\n<p class=\"has-text-align-center\" style=\"font-size:15px\">Ustavili se bomo na presti\u017eni univerzi Stanford, kjer nas \u010dakajo predavanja, ogledi laboratorijev in vpogled v njihovo raziskovalno delo. Na\u0161a pot nas bo vodila tudi na California State University Fresno, kjer bomo spoznali \u017eivljenje in delo na eni izmed klju\u010dnih kalifornijskih univerz, ter na Cal Poly Pomona, ki slovi po svojem interdisciplinarnem pristopu k izobra\u017eevanju in raziskovanju.<\/p>\n\n\n\n<p class=\"has-text-align-center\" style=\"font-size:15px\">Raziskovali bomo \u010dudovite naravne zaklade Kalifornije, kot sta Yosemite, ki o\u010dara s svojimi mogo\u010dnimi slapovi in granitnimi pe\u010dinami, ter Sequoia National Park, dom orja\u0161kih dreves, ki sodijo med najve\u010dje na svetu.<\/p>\n\n\n\n<p class=\"has-text-align-center\" style=\"font-size:15px\">V drugem delu potovanja nas bo pot vodila v Los Angeles, kjer bomo obiskali znane pla\u017ee, kot sta Venice Beach in Santa Monica, ter znamenitosti, kot so Hollywood in Sunset Boulevard. Poleg raziskovanja mesta bomo u\u017eivali tudi v zabavi in adrenalinu z obiskom enega izmed tamkaj\u0161njih znamenitih zabavi\u0161\u010dnih parkov. Program bo dopolnil enodnevni izlet v Las Vegas, kjer bomo do\u017eiveli utrip mesta, znanega po svojem razko\u0161ju in edinstveni energiji.<\/p>\n\n\n\n<p class=\"has-text-align-center\" style=\"font-size:15px\">Ekskurzijo bomo zaklju\u010dili z obiskom NVIDIE in Intelovega muzeja v San Joseju, kjer bomo spoznali njihov doprinos k svetu tehnologije. Polni vtisov se bomo preko Amsterdama vrnili domov.<\/p>\n<\/div>\n\n\n\n<div class=\"wp-block-column is-layout-flow wp-block-column-is-layout-flow\">\n<p><iframe loading=\"lazy\" src=\"https:\/\/www.google.com\/maps\/d\/u\/2\/embed?mid=18E19iyptT0c0b89AUzo43YmL4SnDdqY&amp;ehbc=2E312F&amp;noprof=1\" width=\"1280\" height=\"700\"><\/iframe><\/p>\n<\/div>\n<\/div>\n","protected":false},"excerpt":{"rendered":"<p>Ekskurzija nas bo popeljala po zahodni obali Zdru\u017eenih dr\u017eav Amerike, kjer bomo zdru\u017eili tehnologijo, kulturo, naravo in zabavo. Pot bomo za\u010deli v Zagrebu, od koder bomo preko Amsterdama poleteli do San Francisca. Po pristanku bomo raziskovali mesto, vklju\u010dno z mostom Golden Gate, Lombard Street in vo\u017enjo z znamenitim tramvajem. V naslednjih dneh bomo obiskali tehnolo\u0161ke&#8230; <\/p>\n<div class=\"link-more\"><a href=\"https:\/\/feriusa.rwx.si\/?page_id=575\">Read More<\/a><\/div>\n","protected":false},"author":7,"featured_media":0,"parent":0,"menu_order":0,"comment_status":"closed","ping_status":"closed","template":"","meta":{"footnotes":""},"class_list":["post-575","page","type-page","status-publish","hentry"],"_links":{"self":[{"href":"https:\/\/feriusa.rwx.si\/index.php?rest_route=\/wp\/v2\/pages\/575"}],"collection":[{"href":"https:\/\/feriusa.rwx.si\/index.php?rest_route=\/wp\/v2\/pages"}],"about":[{"href":"https:\/\/feriusa.rwx.si\/index.php?rest_route=\/wp\/v2\/types\/page"}],"author":[{"embeddable":true,"href":"https:\/\/feriusa.rwx.si\/index.php?rest_route=\/wp\/v2\/users\/7"}],"replies":[{"embeddable":true,"href":"https:\/\/feriusa.rwx.si\/index.php?rest_route=%2Fwp%2Fv2%2Fcomments&post=575"}],"version-history":[{"count":43,"href":"https:\/\/feriusa.rwx.si\/index.php?rest_route=\/wp\/v2\/pages\/575\/revisions"}],"predecessor-version":[{"id":644,"href":"https:\/\/feriusa.rwx.si\/index.php?rest_route=\/wp\/v2\/pages\/575\/revisions\/644"}],"wp:attachment":[{"href":"https:\/\/feriusa.rwx.si\/index.php?rest_route=%2Fwp%2Fv2%2Fmedia&parent=575"}],"curies":[{"name":"wp","href":"https:\/\/api.w.org\/{rel}","templated":true}]}}